{"id":25265,"date":"2022-09-20T12:50:45","date_gmt":"2022-09-20T12:50:45","guid":{"rendered":"https:\/\/iestrada.edu.ar\/portal\/?page_id=25265"},"modified":"2026-04-25T20:49:50","modified_gmt":"2026-04-25T20:49:50","slug":"autoridades-2","status":"publish","type":"page","link":"https:\/\/iestrada.edu.ar\/portal\/autoridades-2\/","title":{"rendered":"Autoridades"},"content":{"rendered":"\t\t<div data-elementor-type=\"wp-page\" data-elementor-id=\"25265\" class=\"elementor elementor-25265\">\n\t\t\t\t\t\t<section class=\"elementor-section elementor-top-section elementor-element elementor-element-88668f1 elementor-section-boxed elementor-section-height-default elementor-section-height-default\" data-id=\"88668f1\" data-element_type=\"section\" data-e-type=\"section\">\n\t\t\t\t\t\t<div class=\"elementor-container elementor-column-gap-default\">\n\t\t\t\t\t<div class=\"elementor-column elementor-col-100 elementor-top-column elementor-element elementor-element-78346d4\" data-id=\"78346d4\" data-element_type=\"column\" data-e-type=\"column\">\n\t\t\t<div class=\"elementor-widget-wrap elementor-element-populated\">\n\t\t\t\t\t\t<div class=\"elementor-element elementor-element-da7a502 elementor-widget elementor-widget-heading\" data-id=\"da7a502\" data-element_type=\"widget\" data-e-type=\"widget\" data-widget_type=\"heading.default\">\n\t\t\t\t<div class=\"elementor-widget-container\">\n\t\t\t\t\t<h2 class=\"elementor-heading-title elementor-size-default\">Autoridades<\/h2>\t\t\t\t<\/div>\n\t\t\t\t<\/div>\n\t\t\t\t\t<\/div>\n\t\t<\/div>\n\t\t\t\t\t<\/div>\n\t\t<\/section>\n\t\t\t\t<section class=\"elementor-section elementor-top-section elementor-element elementor-element-9cc7b34 elementor-section-boxed elementor-section-height-default elementor-section-height-default\" data-id=\"9cc7b34\" data-element_type=\"section\" data-e-type=\"section\">\n\t\t\t\t\t\t<div class=\"elementor-container elementor-column-gap-default\">\n\t\t\t\t\t<div class=\"elementor-column elementor-col-50 elementor-top-column elementor-element elementor-element-f27907b\" data-id=\"f27907b\" data-element_type=\"column\" data-e-type=\"column\">\n\t\t\t<div class=\"elementor-widget-wrap elementor-element-populated\">\n\t\t\t\t\t\t<div class=\"elementor-element elementor-element-1e687a3 elementor-widget elementor-widget-text-editor\" data-id=\"1e687a3\" data-element_type=\"widget\" data-e-type=\"widget\" data-widget_type=\"text-editor.default\">\n\t\t\t\t<div class=\"elementor-widget-container\">\n\t\t\t\t\t\t\t\t\t<strong>Rectora<\/strong><br>\nLic. Rosa Irene Ceccardi\n<br><strong>Vicerrectores<\/strong><br>\nProf. Marcos Chocron<br>\nLic. Ingrid Krieghoff\n<br><strong>Vicerrectora Suplente<\/strong><br>\nProf. Norma Espindola\n<br><strong>Secretaria Administrativa<\/strong><br>\nProf. Andrea Grasso\n<br><strong>Secretario Acad\u00e9mico<\/strong><br>\nProf. C\u00e9sar Dar\u00edo Romero\n<br><strong>Coordinadora Formaci\u00f3n Docente Inicial<\/strong><br>\nProf. M\u00f3nica Rodr\u00edguez\n<br><strong>Coordinador Formaci\u00f3n Docente Continua<\/strong><br>\nProf. Fabian Alcaraz\n<br><strong>Coordinadora de Apoyo Pedag\u00f3gico a Escuelas<\/strong><br>\nProf. Marta S\u00e1nchez\n<br><strong>Coordinador de investigaci\u00f3n<\/strong><br>\nLic. Sergio Leiva\n<br><strong>Coordinadora de Pr\u00e1cticas del Nivel Inicial y Primario<\/strong><br>\nProf. Marta Meza\n<br><strong>Coordinadora de Pr\u00e1cticas de Nivel Secundario y Superior<\/strong><br>\nProf. Zulma Ibarra Vel\u00e1zquez<br>\n(Suplente Prof. Cecilia Maradey)\n<br><strong>Coordinadora Profesorado de Educaci\u00f3n Secundaria en Filosof\u00eda<\/strong><br>\nProf. Mirta Gim\u00e9nez\n<br><strong>Coordinadora Profesorado de Educaci\u00f3n Superior en Ciencias de la Educaci\u00f3n<\/strong><br>\nLic. Sandra Mart\u00ednez\n<br><strong>Coordinadora Profesorado de Educaci\u00f3n Tecnol\u00f3gica<\/strong><br>\nProf. Margarita Esp\u00ednola\n<br><strong>Coordinadora Profesorado de Educaci\u00f3n Primaria.<\/strong><br>\nProf. Liliana Barreto\n<br><strong>Coordinadora Profesorado de Educaci\u00f3n Inicial<\/strong><br>\nProf. Mburucuya Gauna\n<br><strong>Coordinadora Tecnicatura Superior en Gesti\u00f3n Administrativa de las Instituciones Educativas.<\/strong><br>\nProf. Andrea Grasso\n<br><strong>Coordinadora Tecnicatura Superior en Ni\u00f1ez, Adolescencia y Familia<\/strong><br>\nProf. Mirta Gim\u00e9nez\n<br><strong>Coordinadora Tecnicatura Superior en Ciencias de Datos e Inteligencia Artificial.<\/strong><br>\nLic. Sofia Vallejos\n<br><strong>Coordinador de la Tecnicatura Superior en Desarrollo de Software<\/strong><br>\nProf. Leandro Valdez\n<br><strong>Coordinadores Centro de Recursos T\u00e9cnicos Pedag\u00f3gicos<\/strong><br>\nProf. Claudia Acevedo<br>\nProf. Lic. Diego Craig<br>\n(suplentes: Prof. Liliana Ocampo, Prof. Eduardo L\u00f3pez)\n<br><strong>Bedel<\/strong><br>\nProf. Mariano Rivero\n<br><strong>Coordinadores de Pol\u00edticas Estudiantiles<\/strong><br>\nDr. Cristian Gane<br>\nDra. Nora Morello Ben\u00edtez<br>\nProf. Argentino Meza\t\t\t\t\t\t\t\t<\/div>\n\t\t\t\t<\/div>\n\t\t\t\t\t<\/div>\n\t\t<\/div>\n\t\t\t\t<div class=\"elementor-column elementor-col-50 elementor-top-column elementor-element elementor-element-6355e02\" data-id=\"6355e02\" data-element_type=\"column\" data-e-type=\"column\">\n\t\t\t<div class=\"elementor-widget-wrap elementor-element-populated\">\n\t\t\t\t\t\t<div class=\"elementor-element elementor-element-9cb2fb6 elementor-widget elementor-widget-image\" data-id=\"9cb2fb6\" data-element_type=\"widget\" data-e-type=\"widget\" data-widget_type=\"image.default\">\n\t\t\t\t<div class=\"elementor-widget-container\">\n\t\t\t\t\t\t\t\t\t\t\t\t\t\t\t<img fetchpriority=\"high\" decoding=\"async\" width=\"445\" height=\"1024\" src=\"https:\/\/iestrada.edu.ar\/portal\/wp-content\/uploads\/2022\/09\/TRIPTICO-PRIMARIA-1-445x1024.jpg\" class=\"attachment-large size-large wp-image-25270\" alt=\"\" srcset=\"https:\/\/iestrada.edu.ar\/portal\/wp-content\/uploads\/2022\/09\/TRIPTICO-PRIMARIA-1-445x1024.jpg 445w, https:\/\/iestrada.edu.ar\/portal\/wp-content\/uploads\/2022\/09\/TRIPTICO-PRIMARIA-1-130x300.jpg 130w, https:\/\/iestrada.edu.ar\/portal\/wp-content\/uploads\/2022\/09\/TRIPTICO-PRIMARIA-1-768x1768.jpg 768w, https:\/\/iestrada.edu.ar\/portal\/wp-content\/uploads\/2022\/09\/TRIPTICO-PRIMARIA-1-667x1536.jpg 667w, https:\/\/iestrada.edu.ar\/portal\/wp-content\/uploads\/2022\/09\/TRIPTICO-PRIMARIA-1-890x2048.jpg 890w, https:\/\/iestrada.edu.ar\/portal\/wp-content\/uploads\/2022\/09\/TRIPTICO-PRIMARIA-1-600x1381.jpg 600w, https:\/\/iestrada.edu.ar\/portal\/wp-content\/uploads\/2022\/09\/TRIPTICO-PRIMARIA-1.jpg 1108w\" sizes=\"(max-width: 445px) 100vw, 445px\" \/>\t\t\t\t\t\t\t\t\t\t\t\t\t\t\t<\/div>\n\t\t\t\t<\/div>\n\t\t\t\t\t<\/div>\n\t\t<\/div>\n\t\t\t\t\t<\/div>\n\t\t<\/section>\n\t\t\t\t<\/div>\n\t\t","protected":false},"excerpt":{"rendered":"<p>Autoridades Rectora Lic. Rosa Irene Ceccardi Vicerrectores Prof. Marcos Chocron Lic. Ingrid Krieghoff Vicerrectora Suplente Prof. Norma Espindola Secretaria Administrativa Prof. Andrea Grasso Secretario Acad\u00e9mico Prof. C\u00e9sar Dar\u00edo Romero Coordinadora Formaci\u00f3n Docente Inicial Prof. M\u00f3nica Rodr\u00edguez Coordinador Formaci\u00f3n Docente Continua Prof. Fabian Alcaraz Coordinadora de Apoyo Pedag\u00f3gico a Escuelas Prof. Marta S\u00e1nchez Coordinador de investigaci\u00f3n [&hellip;]<\/p>\n","protected":false},"author":8,"featured_media":0,"parent":0,"menu_order":0,"comment_status":"closed","ping_status":"closed","template":"","meta":{"site-sidebar-layout":"no-sidebar","site-content-layout":"page-builder","ast-site-content-layout":"default","site-content-style":"default","site-sidebar-style":"default","ast-global-header-display":"","ast-banner-title-visibility":"","ast-main-header-display":"","ast-hfb-above-header-display":"","ast-hfb-below-header-display":"","ast-hfb-mobile-header-display":"","site-post-title":"disabled","ast-breadcrumbs-content":"","ast-featured-img":"disabled","footer-sml-layout":"","ast-disable-related-posts":"","theme-transparent-header-meta":"","adv-header-id-meta":"","stick-header-meta":"","header-above-stick-meta":"","header-main-stick-meta":"","header-below-stick-meta":"","astra-migrate-meta-layouts":"default","ast-page-background-enabled":"default","ast-page-background-meta":{"desktop":{"background-color":"","background-image":"","background-repeat":"repeat","background-position":"center center","background-size":"auto","background-attachment":"scroll","background-type":"","background-media":"","overlay-type":"","overlay-color":"","overlay-opacity":"","overlay-gradient":""},"tablet":{"background-color":"","background-image":"","background-repeat":"repeat","background-position":"center center","background-size":"auto","background-attachment":"scroll","background-type":"","background-media":"","overlay-type":"","overlay-color":"","overlay-opacity":"","overlay-gradient":""},"mobile":{"background-color":"","background-image":"","background-repeat":"repeat","background-position":"center center","background-size":"auto","background-attachment":"scroll","background-type":"","background-media":"","overlay-type":"","overlay-color":"","overlay-opacity":"","overlay-gradient":""}},"ast-content-background-meta":{"desktop":{"background-color":"var(--ast-global-color-5)","background-image":"","background-repeat":"repeat","background-position":"center center","background-size":"auto","background-attachment":"scroll","background-type":"","background-media":"","overlay-type":"","overlay-color":"","overlay-opacity":"","overlay-gradient":""},"tablet":{"background-color":"var(--ast-global-color-5)","background-image":"","background-repeat":"repeat","background-position":"center center","background-size":"auto","background-attachment":"scroll","background-type":"","background-media":"","overlay-type":"","overlay-color":"","overlay-opacity":"","overlay-gradient":""},"mobile":{"background-color":"var(--ast-global-color-5)","background-image":"","background-repeat":"repeat","background-position":"center center","background-size":"auto","background-attachment":"scroll","background-type":"","background-media":"","overlay-type":"","overlay-color":"","overlay-opacity":"","overlay-gradient":""}},"footnotes":""},"class_list":["post-25265","page","type-page","status-publish","hentry"],"_links":{"self":[{"href":"https:\/\/iestrada.edu.ar\/portal\/wp-json\/wp\/v2\/pages\/25265","targetHints":{"allow":["GET"]}}],"collection":[{"href":"https:\/\/iestrada.edu.ar\/portal\/wp-json\/wp\/v2\/pages"}],"about":[{"href":"https:\/\/iestrada.edu.ar\/portal\/wp-json\/wp\/v2\/types\/page"}],"author":[{"embeddable":true,"href":"https:\/\/iestrada.edu.ar\/portal\/wp-json\/wp\/v2\/users\/8"}],"replies":[{"embeddable":true,"href":"https:\/\/iestrada.edu.ar\/portal\/wp-json\/wp\/v2\/comments?post=25265"}],"version-history":[{"count":50,"href":"https:\/\/iestrada.edu.ar\/portal\/wp-json\/wp\/v2\/pages\/25265\/revisions"}],"predecessor-version":[{"id":27846,"href":"https:\/\/iestrada.edu.ar\/portal\/wp-json\/wp\/v2\/pages\/25265\/revisions\/27846"}],"wp:attachment":[{"href":"https:\/\/iestrada.edu.ar\/portal\/wp-json\/wp\/v2\/media?parent=25265"}],"curies":[{"name":"wp","href":"https:\/\/api.w.org\/{rel}","templated":true}]}}