{"id":25291,"date":"2022-09-20T13:35:28","date_gmt":"2022-09-20T13:35:28","guid":{"rendered":"https:\/\/iestrada.edu.ar\/portal\/?page_id=25291"},"modified":"2022-09-20T13:36:32","modified_gmt":"2022-09-20T13:36:32","slug":"historia-2","status":"publish","type":"page","link":"https:\/\/iestrada.edu.ar\/portal\/historia-2\/","title":{"rendered":"Historia"},"content":{"rendered":"\t\t<div data-elementor-type=\"wp-page\" data-elementor-id=\"25291\" class=\"elementor elementor-25291\">\n\t\t\t\t\t\t<section class=\"elementor-section elementor-top-section elementor-element elementor-element-639239d elementor-section-boxed elementor-section-height-default elementor-section-height-default\" data-id=\"639239d\" data-element_type=\"section\" data-e-type=\"section\">\n\t\t\t\t\t\t<div class=\"elementor-container elementor-column-gap-default\">\n\t\t\t\t\t<div class=\"elementor-column elementor-col-100 elementor-top-column elementor-element elementor-element-d577cee\" data-id=\"d577cee\" data-element_type=\"column\" data-e-type=\"column\">\n\t\t\t<div class=\"elementor-widget-wrap elementor-element-populated\">\n\t\t\t\t\t\t<div class=\"elementor-element elementor-element-91eb27a elementor-widget elementor-widget-heading\" data-id=\"91eb27a\" data-element_type=\"widget\" data-e-type=\"widget\" data-widget_type=\"heading.default\">\n\t\t\t\t<div class=\"elementor-widget-container\">\n\t\t\t\t\t<h2 class=\"elementor-heading-title elementor-size-default\">Historia<\/h2>\t\t\t\t<\/div>\n\t\t\t\t<\/div>\n\t\t\t\t\t<\/div>\n\t\t<\/div>\n\t\t\t\t\t<\/div>\n\t\t<\/section>\n\t\t\t\t<section class=\"elementor-section elementor-top-section elementor-element elementor-element-eb8a3d6 elementor-section-boxed elementor-section-height-default elementor-section-height-default\" data-id=\"eb8a3d6\" data-element_type=\"section\" data-e-type=\"section\">\n\t\t\t\t\t\t<div class=\"elementor-container elementor-column-gap-default\">\n\t\t\t\t\t<div class=\"elementor-column elementor-col-100 elementor-top-column elementor-element elementor-element-c221f17\" data-id=\"c221f17\" data-element_type=\"column\" data-e-type=\"column\">\n\t\t\t<div class=\"elementor-widget-wrap elementor-element-populated\">\n\t\t\t\t\t\t<div class=\"elementor-element elementor-element-43f3f40 elementor-widget elementor-widget-text-editor\" data-id=\"43f3f40\" data-element_type=\"widget\" data-e-type=\"widget\" data-widget_type=\"text-editor.default\">\n\t\t\t\t<div class=\"elementor-widget-container\">\n\t\t\t\t\t\t\t\t\t<p class=\"MsoNormal\" style=\"text-align: justify;\"><span lang=\"ES\">El Instituto de Formaci\u00f3n Docente \u00abJos\u00e9 Manuel Estrada\u00bb, creado en el marco de la Ley Federal de Educaci\u00f3n -24195- y de la Ley de Educaci\u00f3n Superior-24521- por los Decretos 2482\/97 y 4767\/97 del Ejecutivo Provincial,se escinde de la Escuela Normal Superior del mismo nombre, transferida a la Jurisdicci\u00f3n Provincial en el a\u00f1o 1994.<\/span><\/p><p class=\"MsoNormal\" style=\"text-align: justify;\"><span lang=\"ES\">La Escuela \u00abRegional\u00bb, as\u00ed denominada por atender una poblaci\u00f3n escolar proveniente de todas las provincias del NEA, tiene una tradici\u00f3n centenaria en la formaci\u00f3n docente; en sus inicios para Maestros varones, y posteriormente para ambos sexos. Esta caracter\u00edstica se mantiene a trav\u00e9s de los tiempos e imprime a la curr\u00edcula, los rasgos propios de la realidad suburbana y rural. Hasta mediados de la d\u00e9cada del 60, la Escuela form\u00f3 Maestros Normales, y desde el 6 de Junio de 1975, inici\u00f3 la formaci\u00f3n de Profesores de Ense\u00f1anza Primaria (Res. Ministerial N\u00ba 287\/73) y de Profesoras de Educaci\u00f3n Preescolar (Res. Ministerial N\u00ba274\/74).<\/span><\/p><p class=\"MsoNormal\" style=\"text-align: justify;\"><span lang=\"ES\">En abril de 1989, se implementa el MEB (Magisterio de Educaci\u00f3n B\u00e1sica (Resoluci\u00f3n Ministerial N\u00ba 530\/88) hasta diciembre de 1994, dejando esta experiencia una importante huella en la cultura institucional, dada la incorporaci\u00f3n del campo de la educaci\u00f3n no formal y de la investigaci\u00f3n explorativa, como as\u00ed tambi\u00e9n la din\u00e1mica de trabajo en equipo de los formadores.<\/span><\/p><p class=\"MsoNormal\" style=\"text-align: justify;\"><span lang=\"ES\">Siendo un lineamiento de la Escuela la apertura hacia la comunidad y sus necesidades, alberg\u00f3 tambi\u00e9n a Carreras a t\u00e9rmino: Auxiliar en Hoteler\u00eda y Gu\u00eda de Turismo (Circular de la Naci\u00f3n 43\/78), vigente durante el Ciclo Lectivo 1978 y Operador de Proyectos Culturales (Ley Provincial 5055), durante el Ciclo Lectivo 1996.<\/span><\/p><p class=\"MsoNormal\" style=\"text-align: justify;\"><span lang=\"ES\">En 1988, se crea la Carrera de Bibliotecarios, que modifica su Plan de Estudios seg\u00fan Resoluci\u00f3n Ministerial N\u00ba 96\/89.Esta Carrera extendi\u00f3 sus servicios a la Universidad de Formosa, motivando el Convenio Marco entre la UNAF y el Ministerio de Educaci\u00f3n de Corrientes.<\/span><\/p><p class=\"MsoNormal\" style=\"text-align: justify;\"><span lang=\"ES\">Por Decreto 1418\/98, se crea la Carrera de T\u00e9cnico Operador de Proyectos Culturales Integracionistas, con duraci\u00f3n de tres a\u00f1os cuyo resultado arroj\u00f3 la ocupaci\u00f3n inmediata del 90% de los egresados.<\/span><\/p><p class=\"MsoNormal\" style=\"text-align: justify;\"><span lang=\"ES\">Se logra la Acreditaci\u00f3n del Instituto de Formaci\u00f3n Docente \u00abJos\u00e9 Manuel Estrada\u00bb, seg\u00fan dictamen de la U.P.E. (Unidad Provincial de Evaluaci\u00f3n) con Aprobaci\u00f3n sin objeciones de las Carreras de Profesorado de Educaci\u00f3n Inicial y del Profesorado del Primero y Segundo Ciclo de Educaci\u00f3n General B\u00e1sica por Resoluci\u00f3n N\u00ba 123\/1999, visto las Leyes 24.195 y 24.521, las Resoluciones del Consejo Federal de Educaci\u00f3n N\u00ba 36\/ 94, 63\/97 y 83\/98, la Resoluci\u00f3n del Ministerio de Educaci\u00f3n de la Provincia de Corrientes N\u00ba 595\/99. De esta manera, forma parte de la Red Federal de Formaci\u00f3n Docente Continua.<\/span><\/p><p class=\"MsoNormal\" style=\"text-align: justify;\"><span lang=\"ES\">Por Resoluci\u00f3n N\u00ba 927\/2001 del Ministerio de Educaci\u00f3n y Cultura de la Provincia de Corrientes se aprob\u00f3 el Dise\u00f1o Curricular Institucional de las Carreras de: Profesorado de Tercer Ciclo de la Educaci\u00f3n General B\u00e1sica y de la Educaci\u00f3n Polimodal en Psicolog\u00eda, y Profesorado de Tercer Ciclo de la Educaci\u00f3n General B\u00e1sica y de la Educaci\u00f3n Polimodal en Tecnolog\u00eda, creados en el a\u00f1o 1997, de acuerdo al dictamen de la Unidad de Evaluaci\u00f3n Provincial.<\/span><\/p><p class=\"MsoNormal\" style=\"text-align: justify;\"><span lang=\"ES\">Por Resoluci\u00f3n N\u00ba 357\/2003 se crea la Carrera \u00abTecnicatura en Proyectos Agropecuarios de Desarrollo Integral\u00bb por el t\u00e9rmino de una sola promoci\u00f3n.<\/span><\/p><p class=\"MsoNormal\" style=\"text-align: justify;\"><span lang=\"ES\">Por Resoluci\u00f3n N\u00ba 171\/2004 del Ministerio de Educaci\u00f3n y Cultura de la Provincia de Corrientes se aprob\u00f3 el Dise\u00f1o Curricular Institucional de la Carrera Profesorado de Tercer Ciclo de la EGB y de la Educaci\u00f3n Polimodal en Filosof\u00eda, de acuerdo con el dictamen de la Unidad de Evaluaci\u00f3n Provincial (U.E.P.): Aprobaci\u00f3n Plena.<\/span><\/p><p class=\"MsoNormal\" style=\"text-align: justify;\"><span lang=\"ES\">Todos los T\u00edtulos que otorga este Instituto tienen validez nacional por Resoluci\u00f3n N\u00ba 524\/07 del Ministerio de Educaci\u00f3n, Ciencia y Tecnolog\u00eda.<\/span><\/p><p><span lang=\"ES\" style=\"font-size: 11.0pt; line-height: 107%; font-family: 'Calibri',sans-serif; mso-ascii-theme-font: minor-latin; mso-fareast-font-family: Calibri; mso-fareast-theme-font: minor-latin; mso-hansi-theme-font: minor-latin; mso-bidi-font-family: 'Times New Roman'; mso-bidi-theme-font: minor-bidi; mso-ansi-language: ES; mso-fareast-language: EN-US; mso-bidi-language: AR-SA;\">Actualmente cuenta con nueva sede en el Barrio San Ger\u00f3nimo<\/span><\/p>\t\t\t\t\t\t\t\t<\/div>\n\t\t\t\t<\/div>\n\t\t\t\t\t<\/div>\n\t\t<\/div>\n\t\t\t\t\t<\/div>\n\t\t<\/section>\n\t\t\t\t<\/div>\n\t\t","protected":false},"excerpt":{"rendered":"<p>Historia El Instituto de Formaci\u00f3n Docente \u00abJos\u00e9 Manuel Estrada\u00bb, creado en el marco de la Ley Federal de Educaci\u00f3n -24195- y de la Ley de Educaci\u00f3n Superior-24521- por los Decretos 2482\/97 y 4767\/97 del Ejecutivo Provincial,se escinde de la Escuela Normal Superior del mismo nombre, transferida a la Jurisdicci\u00f3n Provincial en el a\u00f1o 1994. La [&hellip;]<\/p>\n","protected":false},"author":8,"featured_media":0,"parent":0,"menu_order":0,"comment_status":"closed","ping_status":"closed","template":"","meta":{"site-sidebar-layout":"no-sidebar","site-content-layout":"page-builder","ast-site-content-layout":"default","site-content-style":"default","site-sidebar-style":"default","ast-global-header-display":"","ast-banner-title-visibility":"","ast-main-header-display":"","ast-hfb-above-header-display":"","ast-hfb-below-header-display":"","ast-hfb-mobile-header-display":"","site-post-title":"disabled","ast-breadcrumbs-content":"","ast-featured-img":"disabled","footer-sml-layout":"","ast-disable-related-posts":"","theme-transparent-header-meta":"","adv-header-id-meta":"","stick-header-meta":"","header-above-stick-meta":"","header-main-stick-meta":"","header-below-stick-meta":"","astra-migrate-meta-layouts":"default","ast-page-background-enabled":"default","ast-page-background-meta":{"desktop":{"background-color":"","background-image":"","background-repeat":"repeat","background-position":"center center","background-size":"auto","background-attachment":"scroll","background-type":"","background-media":"","overlay-type":"","overlay-color":"","overlay-opacity":"","overlay-gradient":""},"tablet":{"background-color":"","background-image":"","background-repeat":"repeat","background-position":"center center","background-size":"auto","background-attachment":"scroll","background-type":"","background-media":"","overlay-type":"","overlay-color":"","overlay-opacity":"","overlay-gradient":""},"mobile":{"background-color":"","background-image":"","background-repeat":"repeat","background-position":"center center","background-size":"auto","background-attachment":"scroll","background-type":"","background-media":"","overlay-type":"","overlay-color":"","overlay-opacity":"","overlay-gradient":""}},"ast-content-background-meta":{"desktop":{"background-color":"var(--ast-global-color-5)","background-image":"","background-repeat":"repeat","background-position":"center center","background-size":"auto","background-attachment":"scroll","background-type":"","background-media":"","overlay-type":"","overlay-color":"","overlay-opacity":"","overlay-gradient":""},"tablet":{"background-color":"var(--ast-global-color-5)","background-image":"","background-repeat":"repeat","background-position":"center center","background-size":"auto","background-attachment":"scroll","background-type":"","background-media":"","overlay-type":"","overlay-color":"","overlay-opacity":"","overlay-gradient":""},"mobile":{"background-color":"var(--ast-global-color-5)","background-image":"","background-repeat":"repeat","background-position":"center center","background-size":"auto","background-attachment":"scroll","background-type":"","background-media":"","overlay-type":"","overlay-color":"","overlay-opacity":"","overlay-gradient":""}},"footnotes":""},"class_list":["post-25291","page","type-page","status-publish","hentry"],"_links":{"self":[{"href":"https:\/\/iestrada.edu.ar\/portal\/wp-json\/wp\/v2\/pages\/25291","targetHints":{"allow":["GET"]}}],"collection":[{"href":"https:\/\/iestrada.edu.ar\/portal\/wp-json\/wp\/v2\/pages"}],"about":[{"href":"https:\/\/iestrada.edu.ar\/portal\/wp-json\/wp\/v2\/types\/page"}],"author":[{"embeddable":true,"href":"https:\/\/iestrada.edu.ar\/portal\/wp-json\/wp\/v2\/users\/8"}],"replies":[{"embeddable":true,"href":"https:\/\/iestrada.edu.ar\/portal\/wp-json\/wp\/v2\/comments?post=25291"}],"version-history":[{"count":4,"href":"https:\/\/iestrada.edu.ar\/portal\/wp-json\/wp\/v2\/pages\/25291\/revisions"}],"predecessor-version":[{"id":25295,"href":"https:\/\/iestrada.edu.ar\/portal\/wp-json\/wp\/v2\/pages\/25291\/revisions\/25295"}],"wp:attachment":[{"href":"https:\/\/iestrada.edu.ar\/portal\/wp-json\/wp\/v2\/media?parent=25291"}],"curies":[{"name":"wp","href":"https:\/\/api.w.org\/{rel}","templated":true}]}}