{"id":26983,"date":"2024-12-08T13:07:30","date_gmt":"2024-12-08T13:07:30","guid":{"rendered":"https:\/\/iestrada.edu.ar\/portal\/?page_id=26983"},"modified":"2026-01-01T14:13:58","modified_gmt":"2026-01-01T14:13:58","slug":"filonea","status":"publish","type":"page","link":"https:\/\/iestrada.edu.ar\/portal\/filonea\/","title":{"rendered":"FILONEA"},"content":{"rendered":"\n<div class=\"wp-block-columns is-layout-flex wp-container-core-columns-is-layout-28f84493 wp-block-columns-is-layout-flex\">\n<div class=\"wp-block-column is-layout-flow wp-block-column-is-layout-flow\" style=\"flex-basis:33.33%\">\n<div class=\"wp-block-media-text alignwide is-stacked-on-mobile is-vertically-aligned-center\" style=\"text-decoration:none;grid-template-columns:67% auto\"><figure class=\"wp-block-media-text__media\"><img fetchpriority=\"high\" decoding=\"async\" width=\"1024\" height=\"724\" src=\"https:\/\/iestrada.edu.ar\/portal\/wp-content\/uploads\/2024\/12\/2-Negro-PNG-1024x724.png\" alt=\"\" class=\"wp-image-27048 size-full\" srcset=\"https:\/\/iestrada.edu.ar\/portal\/wp-content\/uploads\/2024\/12\/2-Negro-PNG-1024x724.png 1024w, https:\/\/iestrada.edu.ar\/portal\/wp-content\/uploads\/2024\/12\/2-Negro-PNG-300x212.png 300w, https:\/\/iestrada.edu.ar\/portal\/wp-content\/uploads\/2024\/12\/2-Negro-PNG-768x543.png 768w, https:\/\/iestrada.edu.ar\/portal\/wp-content\/uploads\/2024\/12\/2-Negro-PNG-1536x1086.png 1536w, https:\/\/iestrada.edu.ar\/portal\/wp-content\/uploads\/2024\/12\/2-Negro-PNG-600x424.png 600w, https:\/\/iestrada.edu.ar\/portal\/wp-content\/uploads\/2024\/12\/2-Negro-PNG.png 2000w\" sizes=\"(max-width: 1024px) 100vw, 1024px\" \/><\/figure><div class=\"wp-block-media-text__content\">\n<p><\/p>\n<\/div><\/div>\n\n\n\n<hr class=\"wp-block-separator has-alpha-channel-opacity is-style-wide\"\/>\n\n\n\n<p class=\"allign: justify has-ast-global-color-1-color has-ast-global-color-5-background-color has-text-color has-background has-link-color has-small-font-size wp-elements-1a617f0033f352c21fb904d22877d296\" style=\"letter-spacing:0px;line-height:0\"><strong>ISSN 3072-7170<\/strong><\/p>\n<\/div>\n\n\n\n<div class=\"wp-block-column is-layout-flow wp-block-column-is-layout-flow\" style=\"flex-basis:66.66%\">\n<p>\u00abEsta revista busca poner en evidencia el trabajo investigativo y acad\u00e9mico desarrollado en el \u00e1mbito de la Filosof\u00eda, en el marco de la educaci\u00f3n superior.\u00bb<\/p>\n\n\n\n<p class=\"has-text-align-right\"><strong><em>Equipo Editorial &#8211; Filonea<\/em><\/strong><\/p>\n<\/div>\n<\/div>\n\n\n\n<hr class=\"wp-block-separator has-text-color has-ast-global-color-8-color has-alpha-channel-opacity has-ast-global-color-8-background-color has-background is-style-wide\"\/>\n\n\n\n<h3 class=\"wp-block-heading\">Sobre la revista<\/h3>\n\n\n\n<blockquote class=\"wp-block-quote is-layout-flow wp-block-quote-is-layout-flow\">\n<p class=\"has-small-font-size\">La Revista Filonea es el resultado del esfuerzo conjunto de un equipo editorial compuesto por estudiantes y docentes del ISFD \u201cJos\u00e9 Manuel Estrada\u201d. Nuestro objetivo es ofrecer una plataforma de difusi\u00f3n para la investigaci\u00f3n filos\u00f3fica y fomentar el intercambio de ideas entre investigadores y lectores interesados en la disciplina. Para ello, contamos adem\u00e1s con el c\u00f3digo internacional ISSN (International Standard Serial Number \u2013 N\u00famero Internacional Normalizado de Publicaciones Seriadas) que identifica todas las publicaciones peri\u00f3dicas, que en nuestro caso es en formato digital.<\/p>\n<\/blockquote>\n\n\n\n<hr class=\"wp-block-separator has-text-color has-ast-global-color-4-color has-alpha-channel-opacity has-ast-global-color-4-background-color has-background is-style-wide\"\/>\n\n\n\n<h3 class=\"wp-block-heading\">Equipo Editorial<\/h3>\n\n\n\n<p class=\"has-small-font-size\"><strong>Direcci\u00f3n General<\/strong><br>-Gim\u00e9nez, Mirta Mar\u00eda Luisa<br><strong>Editor en jefe<\/strong><br>-Ojeda, Julio C\u00e9sar<br><strong>Editores<\/strong><br>-Gim\u00e9nez, Enrique<br>-Gonz\u00e1lez, Andr\u00e9s Tom\u00e1s<br>-Schlatter, Mauro<br><strong>Prensa<\/strong><br>-Casco, Eva<br>-Blanco, Sof\u00eda<br>-Molina, Ruth<br><strong>Redes Sociales<\/strong><br>-Romero, Lourdes Antonella<br>-Tossutti, Natalia Elizabeth<br><strong>Dise\u00f1o\/diagramaci\u00f3n<\/strong><br>-Canteros, Lourdes Camila<br>-Aguirre, Leandro Ezequiel<br><strong>Contacto<\/strong><\/p>\n\n\n\n<ul class=\"wp-block-social-links has-large-icon-size is-style-logos-only is-content-justification-left is-layout-flex wp-container-core-social-links-is-layout-354ce135 wp-block-social-links-is-layout-flex\" style=\"margin-top:var(--wp--preset--spacing--30);margin-right:0;margin-bottom:var(--wp--preset--spacing--30);margin-left:0\"><li class=\"wp-social-link wp-social-link-mail  wp-block-social-link\"><a rel=\"noopener nofollow\" target=\"_blank\" href=\"mailto:revistafilonea@gmail.com\" class=\"wp-block-social-link-anchor\"><svg width=\"24\" height=\"24\" viewBox=\"0 0 24 24\" version=\"1.1\" xmlns=\"http:\/\/www.w3.org\/2000\/svg\" aria-hidden=\"true\" focusable=\"false\"><path d=\"M19,5H5c-1.1,0-2,.9-2,2v10c0,1.1.9,2,2,2h14c1.1,0,2-.9,2-2V7c0-1.1-.9-2-2-2zm.5,12c0,.3-.2.5-.5.5H5c-.3,0-.5-.2-.5-.5V9.8l7.5,5.6,7.5-5.6V17zm0-9.1L12,13.6,4.5,7.9V7c0-.3.2-.5.5-.5h14c.3,0,.5.2.5.5v.9z\"><\/path><\/svg><span class=\"wp-block-social-link-label screen-reader-text\">Correo electr\u00f3nico<\/span><\/a><\/li>\n\n<li class=\"wp-social-link wp-social-link-instagram  wp-block-social-link\"><a rel=\"noopener nofollow\" target=\"_blank\" href=\"https:\/\/www.instagram.com\/revista_filonea\/%20\" class=\"wp-block-social-link-anchor\"><svg width=\"24\" height=\"24\" viewBox=\"0 0 24 24\" version=\"1.1\" xmlns=\"http:\/\/www.w3.org\/2000\/svg\" aria-hidden=\"true\" focusable=\"false\"><path d=\"M12,4.622c2.403,0,2.688,0.009,3.637,0.052c0.877,0.04,1.354,0.187,1.671,0.31c0.42,0.163,0.72,0.358,1.035,0.673 c0.315,0.315,0.51,0.615,0.673,1.035c0.123,0.317,0.27,0.794,0.31,1.671c0.043,0.949,0.052,1.234,0.052,3.637 s-0.009,2.688-0.052,3.637c-0.04,0.877-0.187,1.354-0.31,1.671c-0.163,0.42-0.358,0.72-0.673,1.035 c-0.315,0.315-0.615,0.51-1.035,0.673c-0.317,0.123-0.794,0.27-1.671,0.31c-0.949,0.043-1.233,0.052-3.637,0.052 s-2.688-0.009-3.637-0.052c-0.877-0.04-1.354-0.187-1.671-0.31c-0.42-0.163-0.72-0.358-1.035-0.673 c-0.315-0.315-0.51-0.615-0.673-1.035c-0.123-0.317-0.27-0.794-0.31-1.671C4.631,14.688,4.622,14.403,4.622,12 s0.009-2.688,0.052-3.637c0.04-0.877,0.187-1.354,0.31-1.671c0.163-0.42,0.358-0.72,0.673-1.035 c0.315-0.315,0.615-0.51,1.035-0.673c0.317-0.123,0.794-0.27,1.671-0.31C9.312,4.631,9.597,4.622,12,4.622 M12,3 C9.556,3,9.249,3.01,8.289,3.054C7.331,3.098,6.677,3.25,6.105,3.472C5.513,3.702,5.011,4.01,4.511,4.511 c-0.5,0.5-0.808,1.002-1.038,1.594C3.25,6.677,3.098,7.331,3.054,8.289C3.01,9.249,3,9.556,3,12c0,2.444,0.01,2.751,0.054,3.711 c0.044,0.958,0.196,1.612,0.418,2.185c0.23,0.592,0.538,1.094,1.038,1.594c0.5,0.5,1.002,0.808,1.594,1.038 c0.572,0.222,1.227,0.375,2.185,0.418C9.249,20.99,9.556,21,12,21s2.751-0.01,3.711-0.054c0.958-0.044,1.612-0.196,2.185-0.418 c0.592-0.23,1.094-0.538,1.594-1.038c0.5-0.5,0.808-1.002,1.038-1.594c0.222-0.572,0.375-1.227,0.418-2.185 C20.99,14.751,21,14.444,21,12s-0.01-2.751-0.054-3.711c-0.044-0.958-0.196-1.612-0.418-2.185c-0.23-0.592-0.538-1.094-1.038-1.594 c-0.5-0.5-1.002-0.808-1.594-1.038c-0.572-0.222-1.227-0.375-2.185-0.418C14.751,3.01,14.444,3,12,3L12,3z M12,7.378 c-2.552,0-4.622,2.069-4.622,4.622S9.448,16.622,12,16.622s4.622-2.069,4.622-4.622S14.552,7.378,12,7.378z M12,15 c-1.657,0-3-1.343-3-3s1.343-3,3-3s3,1.343,3,3S13.657,15,12,15z M16.804,6.116c-0.596,0-1.08,0.484-1.08,1.08 s0.484,1.08,1.08,1.08c0.596,0,1.08-0.484,1.08-1.08S17.401,6.116,16.804,6.116z\"><\/path><\/svg><span class=\"wp-block-social-link-label screen-reader-text\">Instagram<\/span><\/a><\/li>\n\n<li class=\"wp-social-link wp-social-link-x  wp-block-social-link\"><a rel=\"noopener nofollow\" target=\"_blank\" href=\"https:\/\/x.com\/RevistaFilonea\" class=\"wp-block-social-link-anchor\"><svg width=\"24\" height=\"24\" viewBox=\"0 0 24 24\" version=\"1.1\" xmlns=\"http:\/\/www.w3.org\/2000\/svg\" aria-hidden=\"true\" focusable=\"false\"><path d=\"M13.982 10.622 20.54 3h-1.554l-5.693 6.618L8.745 3H3.5l6.876 10.007L3.5 21h1.554l6.012-6.989L15.868 21h5.245l-7.131-10.378Zm-2.128 2.474-.697-.997-5.543-7.93H8l4.474 6.4.697.996 5.815 8.318h-2.387l-4.745-6.787Z\" \/><\/svg><span class=\"wp-block-social-link-label screen-reader-text\">X<\/span><\/a><\/li><\/ul>\n\n\n\n<p class=\"has-small-font-size\"><\/p>\n\n\n\n<hr class=\"wp-block-separator has-text-color has-ast-global-color-4-color has-alpha-channel-opacity has-ast-global-color-4-background-color has-background is-style-wide\"\/>\n\n\n\n<h3 class=\"wp-block-heading\">Instituto Superior de Formaci\u00f3n Docente \u00abJos\u00e9 Manuel Estrada\u00bb<\/h3>\n\n\n\n<p><strong>Rectora<\/strong>: Ceccardi, Rosa Irene<br><strong>Coordinadora de Carrera del Profesorado de Educaci\u00f3n Secundaria en Filosof\u00eda<\/strong>: Gim\u00e9nez, Mirta Mar\u00eda Luisa<\/p>\n\n\n\n<hr class=\"wp-block-separator has-text-color has-ast-global-color-4-color has-alpha-channel-opacity has-ast-global-color-4-background-color has-background is-style-wide\"\/>\n\n\n\n<div class=\"wp-block-media-text is-stacked-on-mobile\" style=\"grid-template-columns:15% auto\"><figure class=\"wp-block-media-text__media\"><a href=\"https:\/\/iestrada.edu.ar\/portal\/wp-content\/uploads\/2025\/02\/REVISTA-FILONEA-Requisitos-de-publicacion.pdf\" target=\"_blank\" rel=\" noreferrer noopener\"><img decoding=\"async\" width=\"724\" height=\"1024\" src=\"https:\/\/iestrada.edu.ar\/portal\/wp-content\/uploads\/2025\/02\/2-Portada-de-requisitos-724x1024.jpg\" alt=\"\" class=\"wp-image-27120 size-full\" srcset=\"https:\/\/iestrada.edu.ar\/portal\/wp-content\/uploads\/2025\/02\/2-Portada-de-requisitos-724x1024.jpg 724w, https:\/\/iestrada.edu.ar\/portal\/wp-content\/uploads\/2025\/02\/2-Portada-de-requisitos-212x300.jpg 212w, https:\/\/iestrada.edu.ar\/portal\/wp-content\/uploads\/2025\/02\/2-Portada-de-requisitos-768x1086.jpg 768w, https:\/\/iestrada.edu.ar\/portal\/wp-content\/uploads\/2025\/02\/2-Portada-de-requisitos-1086x1536.jpg 1086w, https:\/\/iestrada.edu.ar\/portal\/wp-content\/uploads\/2025\/02\/2-Portada-de-requisitos-1448x2048.jpg 1448w, https:\/\/iestrada.edu.ar\/portal\/wp-content\/uploads\/2025\/02\/2-Portada-de-requisitos-600x849.jpg 600w, https:\/\/iestrada.edu.ar\/portal\/wp-content\/uploads\/2025\/02\/2-Portada-de-requisitos-scaled.jpg 1810w\" sizes=\"(max-width: 724px) 100vw, 724px\" \/><\/a><\/figure><div class=\"wp-block-media-text__content\">\n<p class=\"has-medium-font-size\" style=\"margin-top:0;margin-right:var(--wp--preset--spacing--30);margin-bottom:0;margin-left:var(--wp--preset--spacing--30)\"><strong><a href=\"https:\/\/iestrada.edu.ar\/portal\/wp-content\/uploads\/2025\/02\/REVISTA-FILONEA-Requisitos-de-publicacion.pdf\">Requisitos de Publicaci\u00f3n<\/a><\/strong><\/p>\n\n\n\n<p style=\"margin-right:var(--wp--preset--spacing--30);margin-left:var(--wp--preset--spacing--30)\">Indicaciones para autores, por favor, lea con detenimiento<\/p>\n\n\n\n<div class=\"wp-block-buttons is-content-justification-center is-layout-flex wp-container-core-buttons-is-layout-a89b3969 wp-block-buttons-is-layout-flex\">\n<div class=\"wp-block-button\"><a class=\"wp-block-button__link wp-element-button\" href=\"https:\/\/iestrada.edu.ar\/portal\/wp-content\/uploads\/2025\/02\/REVISTA-FILONEA-Requisitos-de-publicacion.pdf\" style=\"padding-right:var(--wp--preset--spacing--40);padding-left:var(--wp--preset--spacing--40)\" target=\"_blank\" rel=\"noreferrer noopener\">PDF<\/a><\/div>\n<\/div>\n<\/div><\/div>\n\n\n\n<hr class=\"wp-block-separator has-text-color has-ast-global-color-4-color has-alpha-channel-opacity has-ast-global-color-4-background-color has-background is-style-wide\"\/>\n\n\n\n<h2 class=\"wp-block-heading\">Art\u00edculos<\/h2>\n\n\n\n<div class=\"wp-block-media-text is-stacked-on-mobile\" style=\"grid-template-columns:15% auto\"><figure class=\"wp-block-media-text__media\"><a href=\"https:\/\/iestrada.edu.ar\/portal\/filoprincipal\/\"><img decoding=\"async\" width=\"724\" height=\"1024\" src=\"https:\/\/iestrada.edu.ar\/portal\/wp-content\/uploads\/2025\/02\/1-TAPA-724x1024.png\" alt=\"\" class=\"wp-image-27121 size-full\" srcset=\"https:\/\/iestrada.edu.ar\/portal\/wp-content\/uploads\/2025\/02\/1-TAPA-724x1024.png 724w, https:\/\/iestrada.edu.ar\/portal\/wp-content\/uploads\/2025\/02\/1-TAPA-212x300.png 212w, https:\/\/iestrada.edu.ar\/portal\/wp-content\/uploads\/2025\/02\/1-TAPA-768x1086.png 768w, https:\/\/iestrada.edu.ar\/portal\/wp-content\/uploads\/2025\/02\/1-TAPA-1086x1536.png 1086w, https:\/\/iestrada.edu.ar\/portal\/wp-content\/uploads\/2025\/02\/1-TAPA-1448x2048.png 1448w, https:\/\/iestrada.edu.ar\/portal\/wp-content\/uploads\/2025\/02\/1-TAPA-600x849.png 600w\" sizes=\"(max-width: 724px) 100vw, 724px\" \/><\/a><\/figure><div class=\"wp-block-media-text__content\">\n<ul class=\"wp-block-list\">\n<li><strong><a href=\"https:\/\/iestrada.edu.ar\/portal\/filoprincipal\/\">Vol. 1 N\u00fam. 1 12\/2024<\/a><\/strong><\/li>\n<\/ul>\n\n\n\n<div class=\"wp-block-buttons is-content-justification-center is-layout-flex wp-container-core-buttons-is-layout-a89b3969 wp-block-buttons-is-layout-flex\">\n<div class=\"wp-block-button\"><a class=\"wp-block-button__link has-text-align-center wp-element-button\" href=\"https:\/\/iestrada.edu.ar\/portal\/filoprincipal\/\" style=\"padding-right:var(--wp--preset--spacing--40);padding-left:var(--wp--preset--spacing--40)\">Ver<\/a><\/div>\n<\/div>\n<\/div><\/div>\n\n\n\n<hr class=\"wp-block-separator has-text-color has-ast-global-color-4-color has-alpha-channel-opacity has-ast-global-color-4-background-color has-background is-style-wide\" style=\"margin-top:var(--wp--preset--spacing--30);margin-bottom:var(--wp--preset--spacing--30)\"\/>\n\n\n\n<div class=\"wp-block-media-text is-stacked-on-mobile\" style=\"grid-template-columns:15% auto\"><figure class=\"wp-block-media-text__media\"><a href=\"https:\/\/iestrada.edu.ar\/portal\/filoneavol2\/\"><img loading=\"lazy\" decoding=\"async\" width=\"724\" height=\"1024\" src=\"https:\/\/iestrada.edu.ar\/portal\/wp-content\/uploads\/2025\/06\/1-TAPA_Prev-724x1024.png\" alt=\"\" class=\"wp-image-27208 size-full\" srcset=\"https:\/\/iestrada.edu.ar\/portal\/wp-content\/uploads\/2025\/06\/1-TAPA_Prev-724x1024.png 724w, https:\/\/iestrada.edu.ar\/portal\/wp-content\/uploads\/2025\/06\/1-TAPA_Prev-212x300.png 212w, https:\/\/iestrada.edu.ar\/portal\/wp-content\/uploads\/2025\/06\/1-TAPA_Prev-768x1086.png 768w, https:\/\/iestrada.edu.ar\/portal\/wp-content\/uploads\/2025\/06\/1-TAPA_Prev-1086x1536.png 1086w, https:\/\/iestrada.edu.ar\/portal\/wp-content\/uploads\/2025\/06\/1-TAPA_Prev-1448x2048.png 1448w, https:\/\/iestrada.edu.ar\/portal\/wp-content\/uploads\/2025\/06\/1-TAPA_Prev-600x849.png 600w, https:\/\/iestrada.edu.ar\/portal\/wp-content\/uploads\/2025\/06\/1-TAPA_Prev-scaled.png 1810w\" sizes=\"(max-width: 724px) 100vw, 724px\" \/><\/a><\/figure><div class=\"wp-block-media-text__content\">\n<ul class=\"wp-block-list\">\n<li><strong><a href=\"https:\/\/iestrada.edu.ar\/portal\/filoneavol2\/\">Vol. 2 N\u00fam. 1 06\/2025<\/a><\/strong><\/li>\n<\/ul>\n\n\n\n<div class=\"wp-block-buttons is-content-justification-center is-layout-flex wp-container-core-buttons-is-layout-a89b3969 wp-block-buttons-is-layout-flex\">\n<div class=\"wp-block-button\"><a class=\"wp-block-button__link has-text-align-center wp-element-button\" href=\"https:\/\/iestrada.edu.ar\/portal\/filoneavol2\/\" style=\"padding-right:var(--wp--preset--spacing--40);padding-left:var(--wp--preset--spacing--40)\">Ver<\/a><\/div>\n<\/div>\n<\/div><\/div>\n\n\n\n<hr class=\"wp-block-separator has-text-color has-white-color has-alpha-channel-opacity has-white-background-color has-background\"\/>\n\n\n\n<hr class=\"wp-block-separator has-text-color has-ast-global-color-4-color has-alpha-channel-opacity has-ast-global-color-4-background-color has-background is-style-wide\" style=\"margin-top:0.67rem;margin-bottom:0.67rem\"\/>\n\n\n\n<div class=\"wp-block-media-text is-stacked-on-mobile\" style=\"grid-template-columns:15% auto\"><figure class=\"wp-block-media-text__media\"><a href=\"https:\/\/iestrada.edu.ar\/portal\/filonea-2-2\/\"><img loading=\"lazy\" decoding=\"async\" width=\"724\" height=\"1024\" src=\"https:\/\/iestrada.edu.ar\/portal\/wp-content\/uploads\/2025\/12\/1-TAPA.Prev_-724x1024.jpg\" alt=\"\" class=\"wp-image-27410 size-full\" srcset=\"https:\/\/iestrada.edu.ar\/portal\/wp-content\/uploads\/2025\/12\/1-TAPA.Prev_-724x1024.jpg 724w, https:\/\/iestrada.edu.ar\/portal\/wp-content\/uploads\/2025\/12\/1-TAPA.Prev_-212x300.jpg 212w, https:\/\/iestrada.edu.ar\/portal\/wp-content\/uploads\/2025\/12\/1-TAPA.Prev_-768x1086.jpg 768w, https:\/\/iestrada.edu.ar\/portal\/wp-content\/uploads\/2025\/12\/1-TAPA.Prev_-1086x1536.jpg 1086w, https:\/\/iestrada.edu.ar\/portal\/wp-content\/uploads\/2025\/12\/1-TAPA.Prev_-1448x2048.jpg 1448w, https:\/\/iestrada.edu.ar\/portal\/wp-content\/uploads\/2025\/12\/1-TAPA.Prev_-600x849.jpg 600w, https:\/\/iestrada.edu.ar\/portal\/wp-content\/uploads\/2025\/12\/1-TAPA.Prev_-scaled.jpg 1810w\" sizes=\"(max-width: 724px) 100vw, 724px\" \/><\/a><\/figure><div class=\"wp-block-media-text__content\">\n<ul class=\"wp-block-list\">\n<li><strong><a href=\"https:\/\/iestrada.edu.ar\/portal\/filonea-2-2\/\">Vol. 2 N\u00fam. 2 12\/2025<\/a><\/strong><\/li>\n<\/ul>\n\n\n\n<div class=\"wp-block-buttons is-content-justification-center is-layout-flex wp-container-core-buttons-is-layout-a89b3969 wp-block-buttons-is-layout-flex\">\n<div class=\"wp-block-button\"><a class=\"wp-block-button__link has-text-align-center wp-element-button\" href=\"https:\/\/iestrada.edu.ar\/portal\/filonea-2-2\/\" style=\"padding-right:var(--wp--preset--spacing--40);padding-left:var(--wp--preset--spacing--40)\">Ver<\/a><\/div>\n<\/div>\n<\/div><\/div>\n\n\n\n<hr class=\"wp-block-separator has-text-color has-ast-global-color-4-color has-alpha-channel-opacity has-ast-global-color-4-background-color has-background is-style-wide\" style=\"margin-top:var(--wp--preset--spacing--30);margin-bottom:var(--wp--preset--spacing--30)\"\/>\n\n\n\n<div class=\"wp-block-columns is-layout-flex wp-container-core-columns-is-layout-28f84493 wp-block-columns-is-layout-flex\">\n<div class=\"wp-block-column is-layout-flow wp-block-column-is-layout-flow\" style=\"flex-basis:25%\">\n<figure class=\"wp-block-image size-full is-resized\"><a href=\"https:\/\/iestrada.edu.ar\/portal\/wp-content\/uploads\/2025\/02\/Caicyt_logo.jpg\"><img loading=\"lazy\" decoding=\"async\" width=\"320\" height=\"320\" src=\"https:\/\/iestrada.edu.ar\/portal\/wp-content\/uploads\/2025\/02\/Caicyt_logo.jpg\" alt=\"\" class=\"wp-image-27155\" style=\"width:170px;height:auto\" srcset=\"https:\/\/iestrada.edu.ar\/portal\/wp-content\/uploads\/2025\/02\/Caicyt_logo.jpg 320w, https:\/\/iestrada.edu.ar\/portal\/wp-content\/uploads\/2025\/02\/Caicyt_logo-300x300.jpg 300w, https:\/\/iestrada.edu.ar\/portal\/wp-content\/uploads\/2025\/02\/Caicyt_logo-150x150.jpg 150w, https:\/\/iestrada.edu.ar\/portal\/wp-content\/uploads\/2025\/02\/Caicyt_logo-100x100.jpg 100w\" sizes=\"(max-width: 320px) 100vw, 320px\" \/><\/a><\/figure>\n<\/div>\n\n\n\n<div class=\"wp-block-column is-layout-flow wp-block-column-is-layout-flow\" style=\"flex-basis:50%\">\n<figure class=\"wp-block-image size-full\"><a href=\"https:\/\/iestrada.edu.ar\/portal\/wp-content\/uploads\/2025\/02\/LOGO_ISSN_L035XH025MM_Argentina.png\"><img loading=\"lazy\" decoding=\"async\" width=\"928\" height=\"337\" src=\"https:\/\/iestrada.edu.ar\/portal\/wp-content\/uploads\/2025\/02\/LOGO_ISSN_L035XH025MM_Argentina.png\" alt=\"\" class=\"wp-image-27156\" srcset=\"https:\/\/iestrada.edu.ar\/portal\/wp-content\/uploads\/2025\/02\/LOGO_ISSN_L035XH025MM_Argentina.png 928w, https:\/\/iestrada.edu.ar\/portal\/wp-content\/uploads\/2025\/02\/LOGO_ISSN_L035XH025MM_Argentina-300x109.png 300w, https:\/\/iestrada.edu.ar\/portal\/wp-content\/uploads\/2025\/02\/LOGO_ISSN_L035XH025MM_Argentina-768x279.png 768w, https:\/\/iestrada.edu.ar\/portal\/wp-content\/uploads\/2025\/02\/LOGO_ISSN_L035XH025MM_Argentina-600x218.png 600w\" sizes=\"(max-width: 928px) 100vw, 928px\" \/><\/a><\/figure>\n<\/div>\n\n\n\n<div class=\"wp-block-column is-layout-flow wp-block-column-is-layout-flow\" style=\"padding-top:var(--wp--preset--spacing--60);padding-bottom:var(--wp--preset--spacing--60);flex-basis:25%\">\n<p class=\"has-medium-font-size\"><strong>Revista Filonea<br>ISSN 3072-7170<\/strong><\/p>\n<\/div>\n<\/div>\n\n\n\n<p><\/p>\n","protected":false},"excerpt":{"rendered":"<p>ISSN 3072-7170 \u00abEsta revista busca poner en evidencia el trabajo investigativo y acad\u00e9mico desarrollado en el \u00e1mbito de la Filosof\u00eda, en el marco de la educaci\u00f3n superior.\u00bb Equipo Editorial &#8211; Filonea Sobre la revista La Revista Filonea es el resultado del esfuerzo conjunto de un equipo editorial compuesto por estudiantes y docentes del ISFD \u201cJos\u00e9 [&hellip;]<\/p>\n","protected":false},"author":8,"featured_media":0,"parent":0,"menu_order":0,"comment_status":"closed","ping_status":"closed","template":"","meta":{"site-sidebar-layout":"default","site-content-layout":"","ast-site-content-layout":"default","site-content-style":"default","site-sidebar-style":"default","ast-global-header-display":"","ast-banner-title-visibility":"","ast-main-header-display":"","ast-hfb-above-header-display":"","ast-hfb-below-header-display":"","ast-hfb-mobile-header-display":"","site-post-title":"disabled","ast-breadcrumbs-content":"","ast-featured-img":"","footer-sml-layout":"","ast-disable-related-posts":"","theme-transparent-header-meta":"","adv-header-id-meta":"","stick-header-meta":"","header-above-stick-meta":"","header-main-stick-meta":"","header-below-stick-meta":"","astra-migrate-meta-layouts":"set","ast-page-background-enabled":"default","ast-page-background-meta":{"desktop":{"background-color":"","background-image":"","background-repeat":"repeat","background-position":"center center","background-size":"auto","background-attachment":"scroll","background-type":"","background-media":"","overlay-type":"","overlay-color":"","overlay-opacity":"","overlay-gradient":""},"tablet":{"background-color":"","background-image":"","background-repeat":"repeat","background-position":"center center","background-size":"auto","background-attachment":"scroll","background-type":"","background-media":"","overlay-type":"","overlay-color":"","overlay-opacity":"","overlay-gradient":""},"mobile":{"background-color":"","background-image":"","background-repeat":"repeat","background-position":"center center","background-size":"auto","background-attachment":"scroll","background-type":"","background-media":"","overlay-type":"","overlay-color":"","overlay-opacity":"","overlay-gradient":""}},"ast-content-background-meta":{"desktop":{"background-color":"var(--ast-global-color-5)","background-image":"","background-repeat":"repeat","background-position":"center center","background-size":"auto","background-attachment":"scroll","background-type":"","background-media":"","overlay-type":"","overlay-color":"","overlay-opacity":"","overlay-gradient":""},"tablet":{"background-color":"var(--ast-global-color-5)","background-image":"","background-repeat":"repeat","background-position":"center center","background-size":"auto","background-attachment":"scroll","background-type":"","background-media":"","overlay-type":"","overlay-color":"","overlay-opacity":"","overlay-gradient":""},"mobile":{"background-color":"var(--ast-global-color-5)","background-image":"","background-repeat":"repeat","background-position":"center center","background-size":"auto","background-attachment":"scroll","background-type":"","background-media":"","overlay-type":"","overlay-color":"","overlay-opacity":"","overlay-gradient":""}},"footnotes":""},"class_list":["post-26983","page","type-page","status-publish","hentry"],"_links":{"self":[{"href":"https:\/\/iestrada.edu.ar\/portal\/wp-json\/wp\/v2\/pages\/26983","targetHints":{"allow":["GET"]}}],"collection":[{"href":"https:\/\/iestrada.edu.ar\/portal\/wp-json\/wp\/v2\/pages"}],"about":[{"href":"https:\/\/iestrada.edu.ar\/portal\/wp-json\/wp\/v2\/types\/page"}],"author":[{"embeddable":true,"href":"https:\/\/iestrada.edu.ar\/portal\/wp-json\/wp\/v2\/users\/8"}],"replies":[{"embeddable":true,"href":"https:\/\/iestrada.edu.ar\/portal\/wp-json\/wp\/v2\/comments?post=26983"}],"version-history":[{"count":126,"href":"https:\/\/iestrada.edu.ar\/portal\/wp-json\/wp\/v2\/pages\/26983\/revisions"}],"predecessor-version":[{"id":27522,"href":"https:\/\/iestrada.edu.ar\/portal\/wp-json\/wp\/v2\/pages\/26983\/revisions\/27522"}],"wp:attachment":[{"href":"https:\/\/iestrada.edu.ar\/portal\/wp-json\/wp\/v2\/media?parent=26983"}],"curies":[{"name":"wp","href":"https:\/\/api.w.org\/{rel}","templated":true}]}}