{"id":27403,"date":"2025-12-21T15:36:55","date_gmt":"2025-12-21T15:36:55","guid":{"rendered":"https:\/\/iestrada.edu.ar\/portal\/?page_id=27403"},"modified":"2025-12-21T15:45:57","modified_gmt":"2025-12-21T15:45:57","slug":"convenios","status":"publish","type":"page","link":"https:\/\/iestrada.edu.ar\/portal\/convenios\/","title":{"rendered":"Convenios"},"content":{"rendered":"\n<h2 class=\"wp-block-heading\"><strong>Firma de convenios con el Instituto Provincial de Estad\u00edstica y Ciencia de Datos<\/strong><\/h2>\n\n\n\n<div class=\"wp-block-media-text is-stacked-on-mobile is-vertically-aligned-top\"><figure class=\"wp-block-media-text__media\"><img fetchpriority=\"high\" decoding=\"async\" width=\"1024\" height=\"683\" src=\"https:\/\/iestrada.edu.ar\/portal\/wp-content\/uploads\/2025\/12\/firma-de-convenio-1068x712-1-1024x683.jpg\" alt=\"\" class=\"wp-image-27404 size-full\" srcset=\"https:\/\/iestrada.edu.ar\/portal\/wp-content\/uploads\/2025\/12\/firma-de-convenio-1068x712-1-1024x683.jpg 1024w, https:\/\/iestrada.edu.ar\/portal\/wp-content\/uploads\/2025\/12\/firma-de-convenio-1068x712-1-300x200.jpg 300w, https:\/\/iestrada.edu.ar\/portal\/wp-content\/uploads\/2025\/12\/firma-de-convenio-1068x712-1-768x512.jpg 768w, https:\/\/iestrada.edu.ar\/portal\/wp-content\/uploads\/2025\/12\/firma-de-convenio-1068x712-1-600x400.jpg 600w, https:\/\/iestrada.edu.ar\/portal\/wp-content\/uploads\/2025\/12\/firma-de-convenio-1068x712-1.jpg 1068w\" sizes=\"(max-width: 1024px) 100vw, 1024px\" \/><\/figure><div class=\"wp-block-media-text__content\">\n<p style=\"margin-top:0;margin-right:var(--wp--preset--spacing--30);margin-bottom:0;margin-left:var(--wp--preset--spacing--30)\">En la fecha se realiz\u00f3 la firma de convenios entre el ISFD \u201cJos\u00e9 Manuel Estrada\u201d y el Instituto Provincial de Estad\u00edstica y Ciencia de Datos, en una jornada desarrollada en el Parque Tecnol\u00f3gico de la UNNE, sede del Laboratorio de Inteligencia Artificial del mencionado Instituto.<br>Participaron de este encuentro estudiantes de segundo y tercer a\u00f1o de la Tecnicatura Superior en Ciencias de Datos e Inteligencia <\/p>\n\n\n\n<p><\/p>\n<\/div><\/div>\n\n\n\n<p>Artificial, en el marco de las Pr\u00e1cticas Profesionalizantes. Acompa\u00f1aron la actividad la Rectora, Prof. Lic. Rosa Irene Ceccardi; la Prof. Norma Esp\u00edndola; el Secretario Acad\u00e9mico, Prof. Dar\u00edo Romero; la Coordinadora de Carrera, Mgtr. Sof\u00eda Vallejos; y los docentes Mario Pruyas, Dar\u00edo B\u00e1ez y Romina L\u00f3pez.La jornada fue encabezada por el Lic. Francisco Bosco, Presidente del Centro de Estad\u00edsticas y Ciencia de Datos, junto a su equipo de trabajo, quienes brindaron una recepci\u00f3n institucional y presentaron las principales l\u00edneas de acci\u00f3n que se desarrollan en el laboratorio.<br>Esta instancia representa un avance significativo en la consolidaci\u00f3n de v\u00ednculos interinstitucionales orientados a fortalecer la formaci\u00f3n t\u00e9cnica y profesional de los estudiantes, promoviendo experiencias en entornos reales de innovaci\u00f3n y desarrollo, donde el conocimiento se proyecta en herramientas concretas para el crecimiento de la provincia.<\/p>\n\n\n\n<p><\/p>\n","protected":false},"excerpt":{"rendered":"<p>Firma de convenios con el Instituto Provincial de Estad\u00edstica y Ciencia de Datos En la fecha se realiz\u00f3 la firma de convenios entre el ISFD \u201cJos\u00e9 Manuel Estrada\u201d y el Instituto Provincial de Estad\u00edstica y Ciencia de Datos, en una jornada desarrollada en el Parque Tecnol\u00f3gico de la UNNE, sede del Laboratorio de Inteligencia Artificial [&hellip;]<\/p>\n","protected":false},"author":8,"featured_media":0,"parent":0,"menu_order":0,"comment_status":"closed","ping_status":"closed","template":"","meta":{"site-sidebar-layout":"default","site-content-layout":"","ast-site-content-layout":"default","site-content-style":"default","site-sidebar-style":"default","ast-global-header-display":"","ast-banner-title-visibility":"","ast-main-header-display":"","ast-hfb-above-header-display":"","ast-hfb-below-header-display":"","ast-hfb-mobile-header-display":"","site-post-title":"disabled","ast-breadcrumbs-content":"","ast-featured-img":"","footer-sml-layout":"","ast-disable-related-posts":"","theme-transparent-header-meta":"","adv-header-id-meta":"","stick-header-meta":"","header-above-stick-meta":"","header-main-stick-meta":"","header-below-stick-meta":"","astra-migrate-meta-layouts":"set","ast-page-background-enabled":"default","ast-page-background-meta":{"desktop":{"background-color":"","background-image":"","background-repeat":"repeat","background-position":"center center","background-size":"auto","background-attachment":"scroll","background-type":"","background-media":"","overlay-type":"","overlay-color":"","overlay-opacity":"","overlay-gradient":""},"tablet":{"background-color":"","background-image":"","background-repeat":"repeat","background-position":"center center","background-size":"auto","background-attachment":"scroll","background-type":"","background-media":"","overlay-type":"","overlay-color":"","overlay-opacity":"","overlay-gradient":""},"mobile":{"background-color":"","background-image":"","background-repeat":"repeat","background-position":"center center","background-size":"auto","background-attachment":"scroll","background-type":"","background-media":"","overlay-type":"","overlay-color":"","overlay-opacity":"","overlay-gradient":""}},"ast-content-background-meta":{"desktop":{"background-color":"var(--ast-global-color-5)","background-image":"","background-repeat":"repeat","background-position":"center center","background-size":"auto","background-attachment":"scroll","background-type":"","background-media":"","overlay-type":"","overlay-color":"","overlay-opacity":"","overlay-gradient":""},"tablet":{"background-color":"var(--ast-global-color-5)","background-image":"","background-repeat":"repeat","background-position":"center center","background-size":"auto","background-attachment":"scroll","background-type":"","background-media":"","overlay-type":"","overlay-color":"","overlay-opacity":"","overlay-gradient":""},"mobile":{"background-color":"var(--ast-global-color-5)","background-image":"","background-repeat":"repeat","background-position":"center center","background-size":"auto","background-attachment":"scroll","background-type":"","background-media":"","overlay-type":"","overlay-color":"","overlay-opacity":"","overlay-gradient":""}},"footnotes":""},"class_list":["post-27403","page","type-page","status-publish","hentry"],"_links":{"self":[{"href":"https:\/\/iestrada.edu.ar\/portal\/wp-json\/wp\/v2\/pages\/27403","targetHints":{"allow":["GET"]}}],"collection":[{"href":"https:\/\/iestrada.edu.ar\/portal\/wp-json\/wp\/v2\/pages"}],"about":[{"href":"https:\/\/iestrada.edu.ar\/portal\/wp-json\/wp\/v2\/types\/page"}],"author":[{"embeddable":true,"href":"https:\/\/iestrada.edu.ar\/portal\/wp-json\/wp\/v2\/users\/8"}],"replies":[{"embeddable":true,"href":"https:\/\/iestrada.edu.ar\/portal\/wp-json\/wp\/v2\/comments?post=27403"}],"version-history":[{"count":2,"href":"https:\/\/iestrada.edu.ar\/portal\/wp-json\/wp\/v2\/pages\/27403\/revisions"}],"predecessor-version":[{"id":27407,"href":"https:\/\/iestrada.edu.ar\/portal\/wp-json\/wp\/v2\/pages\/27403\/revisions\/27407"}],"wp:attachment":[{"href":"https:\/\/iestrada.edu.ar\/portal\/wp-json\/wp\/v2\/media?parent=27403"}],"curies":[{"name":"wp","href":"https:\/\/api.w.org\/{rel}","templated":true}]}}